{"id":2,"date":"2024-03-28T10:48:03","date_gmt":"2024-03-28T10:48:03","guid":{"rendered":"https:\/\/www.elekipa.com\/?page_id=2"},"modified":"2024-05-27T06:42:05","modified_gmt":"2024-05-27T06:42:05","slug":"sample-page","status":"publish","type":"page","link":"https:\/\/www.elekipa.com\/?page_id=2","title":{"rendered":"O nas"},"content":{"rendered":"\n<p>Kim jeste\u015bmy?<\/p>\n\n\n\n<blockquote class=\"wp-block-quote is-layout-flow wp-block-quote-is-layout-flow\">\n<p><strong>Andreas, Bodeck, Jerry, Piter &amp; Simon i nasze ma\u0142\u017conki, czyli Agnes &amp; Agnes, Johana, Magencka &amp; Margaret<\/strong> to <strong>elEkipa <\/strong>Ekipa Elektryka. Jeste\u015bmy grup\u0105 przyjaci\u00f3\u0142, z kt\u00f3rych m\u0119ska cz\u0119\u015b\u0107 posiada wsp\u00f3lne elektryczne korzenie.<\/p>\n\n\n\n<p><\/p>\n<\/blockquote>\n","protected":false},"excerpt":{"rendered":"<p>Kim jeste\u015bmy? Andreas, Bodeck, Jerry, Piter &amp; Simon i nasze ma\u0142\u017conki, czyli Agnes &amp; Agnes, Johana, Magencka &amp; Margaret to elEkipa Ekipa Elektryka. Jeste\u015bmy grup\u0105 przyjaci\u00f3\u0142, z kt\u00f3rych m\u0119ska cz\u0119\u015b\u0107&hellip;<\/p>\n","protected":false},"author":1,"featured_media":0,"parent":0,"menu_order":0,"comment_status":"closed","ping_status":"open","template":"","meta":{"footnotes":""},"class_list":["post-2","page","type-page","status-publish","hentry"],"_links":{"self":[{"href":"https:\/\/www.elekipa.com\/index.php?rest_route=\/wp\/v2\/pages\/2","targetHints":{"allow":["GET"]}}],"collection":[{"href":"https:\/\/www.elekipa.com\/index.php?rest_route=\/wp\/v2\/pages"}],"about":[{"href":"https:\/\/www.elekipa.com\/index.php?rest_route=\/wp\/v2\/types\/page"}],"author":[{"embeddable":true,"href":"https:\/\/www.elekipa.com\/index.php?rest_route=\/wp\/v2\/users\/1"}],"replies":[{"embeddable":true,"href":"https:\/\/www.elekipa.com\/index.php?rest_route=%2Fwp%2Fv2%2Fcomments&post=2"}],"version-history":[{"count":3,"href":"https:\/\/www.elekipa.com\/index.php?rest_route=\/wp\/v2\/pages\/2\/revisions"}],"predecessor-version":[{"id":70,"href":"https:\/\/www.elekipa.com\/index.php?rest_route=\/wp\/v2\/pages\/2\/revisions\/70"}],"wp:attachment":[{"href":"https:\/\/www.elekipa.com\/index.php?rest_route=%2Fwp%2Fv2%2Fmedia&parent=2"}],"curies":[{"name":"wp","href":"https:\/\/api.w.org\/{rel}","templated":true}]}}